{"id":6433,"date":"2024-05-15T15:19:16","date_gmt":"2024-05-15T13:19:16","guid":{"rendered":"https:\/\/barcelonawss.com\/?page_id=6433"},"modified":"2026-05-05T15:06:09","modified_gmt":"2026-05-05T13:06:09","slug":"staff-experiences","status":"publish","type":"page","link":"https:\/\/barcelonawss.com\/?page_id=6433&lang=en","title":{"rendered":"Staff experiences"},"content":{"rendered":"\n<div class=\"wp-block-group has-theme-palette-9-color has-theme-palette-3-background-color has-text-color has-background has-link-color wp-elements-e9b81ae96b71e84cf7f1fe14716c176b\"><div class=\"wp-block-group__inner-container is-layout-constrained wp-block-group-is-layout-constrained\">\n<h2 class=\"wp-block-heading has-text-align-center has-theme-palette-9-color has-text-color has-link-color wp-elements-947c32b3f9c3f4f641aca6213cc8ecfd\">FOR THE STAFF<\/h2>\n<\/div><\/div>\n\n\n\n<div class=\"wp-block-essential-blocks-image-gallery  root-eb-image-gallery-ww8gl\"><div class=\"eb-parent-wrapper eb-parent-eb-image-gallery-ww8gl \"><div class=\"eb-gallery-img-wrapper eb-image-gallery-ww8gl preset-2 v2 grid null enable-isotope    \" data-id=\"eb-image-gallery-ww8gl\" data-default-filter=\"*\" data-searchfilter=\"false\"><div data-type=\"image\" class=\"eb-gallery-img-content  eb-filter-img-\"><div class=\"eb-gallery-link-wrapper\"><img decoding=\"async\" class=\"eb-gallery-img lazyload\" data-src=\"https:\/\/barcelonawss.com\/wp-content\/uploads\/2025\/10\/6012383104464964066.jpg\" image-index=\"1\" alt=\"\" src=\"data:image\/svg+xml;base64,PHN2ZyB3aWR0aD0iMSIgaGVpZ2h0PSIxIiB4bWxucz0iaHR0cDovL3d3dy53My5vcmcvMjAwMC9zdmciPjwvc3ZnPg==\" style=\"--smush-placeholder-width: 1280px; --smush-placeholder-aspect-ratio: 1280\/853;\" \/><div class=\"eb-img-gallery-overlay\"><div class=\"eb-img-gallery-actions\"><a href=\"https:\/\/barcelonawss.com\/wp-content\/uploads\/2025\/10\/6012383104464964066.jpg\" data-fslightbox=\"gallery\" class=\"eb-img-gallery-action\"><i icon=\"fas fa-plus\" class=\"fas fa-plus \"><\/i><\/a><\/div><div class=\"eb-img-gallery-content\"><div class=\"eb-gallery-img-caption\">LIFT 2025<\/div><div class=\"eb-gallery-img-description\">Participaci\u00f3 d&#8217;un membre de l&#8217;staff al programa de formaci\u00f3 LIFT, organitzat per Nike a la seva seu d&#8217;Amsterdam.<\/div><\/div><\/div><\/div><\/div><div data-type=\"image\" class=\"eb-gallery-img-content  eb-filter-img-\"><div class=\"eb-gallery-link-wrapper\"><img decoding=\"async\" class=\"eb-gallery-img lazyload\" data-src=\"https:\/\/barcelonawss.com\/wp-content\/uploads\/2024\/05\/WhatsApp-Image-2024-05-10-at-22.04.24.jpeg\" image-index=\"2\" alt=\"\" src=\"data:image\/svg+xml;base64,PHN2ZyB3aWR0aD0iMSIgaGVpZ2h0PSIxIiB4bWxucz0iaHR0cDovL3d3dy53My5vcmcvMjAwMC9zdmciPjwvc3ZnPg==\" style=\"--smush-placeholder-width: 1200px; --smush-placeholder-aspect-ratio: 1200\/1600;\" \/><div class=\"eb-img-gallery-overlay\"><div class=\"eb-img-gallery-actions\"><a href=\"https:\/\/barcelonawss.com\/wp-content\/uploads\/2024\/05\/WhatsApp-Image-2024-05-10-at-22.04.24.jpeg\" data-fslightbox=\"gallery\" class=\"eb-img-gallery-action\"><i icon=\"fas fa-plus\" class=\"fas fa-plus \"><\/i><\/a><\/div><div class=\"eb-img-gallery-content\"><div class=\"eb-gallery-img-caption\">UEFA Grassroots<\/div><div class=\"eb-gallery-img-description\">Participaci\u00f3 d&#8217;una membre de l&#8217;staff al programa UEFA Grassroots, organitzat a Bol\u00edvia amb l&#8217;objectiu de potenciar el desenvolupament del futbol femen\u00ed al pa\u00eds sud-americ\u00e0.<\/div><\/div><\/div><\/div><\/div><div data-type=\"image\" class=\"eb-gallery-img-content  eb-filter-img-\"><div class=\"eb-gallery-link-wrapper\"><img decoding=\"async\" class=\"eb-gallery-img lazyload\" data-src=\"https:\/\/barcelonawss.com\/wp-content\/uploads\/2025\/10\/6012383104464964067.jpg\" image-index=\"3\" alt=\"\" src=\"data:image\/svg+xml;base64,PHN2ZyB3aWR0aD0iMSIgaGVpZ2h0PSIxIiB4bWxucz0iaHR0cDovL3d3dy53My5vcmcvMjAwMC9zdmciPjwvc3ZnPg==\" style=\"--smush-placeholder-width: 1024px; --smush-placeholder-aspect-ratio: 1024\/1280;\" \/><div class=\"eb-img-gallery-overlay\"><div class=\"eb-img-gallery-actions\"><a href=\"https:\/\/barcelonawss.com\/wp-content\/uploads\/2025\/10\/6012383104464964067.jpg\" data-fslightbox=\"gallery\" class=\"eb-img-gallery-action\"><i icon=\"fas fa-plus\" class=\"fas fa-plus \"><\/i><\/a><\/div><div class=\"eb-img-gallery-content\"><div class=\"eb-gallery-img-caption\">Nike Air Zoom showcase<\/div><div class=\"eb-gallery-img-description\">Participaci\u00f3 d&#8217;una membre de l&#8217;staff a l&#8217;acte de presentaci\u00f3 de les noves botes Nike Air Zoom, celebrat a Berlin.<\/div><\/div><\/div><\/div><\/div><div data-type=\"image\" class=\"eb-gallery-img-content  eb-filter-img-\"><div class=\"eb-gallery-link-wrapper\"><img decoding=\"async\" class=\"eb-gallery-img lazyload\" data-src=\"https:\/\/barcelonawss.com\/wp-content\/uploads\/2024\/01\/Maria-Ramos-RFEF.jpg\" image-index=\"4\" alt=\"\" src=\"data:image\/svg+xml;base64,PHN2ZyB3aWR0aD0iMSIgaGVpZ2h0PSIxIiB4bWxucz0iaHR0cDovL3d3dy53My5vcmcvMjAwMC9zdmciPjwvc3ZnPg==\" style=\"--smush-placeholder-width: 1200px; --smush-placeholder-aspect-ratio: 1200\/1200;\" \/><div class=\"eb-img-gallery-overlay\"><div class=\"eb-img-gallery-actions\"><a href=\"https:\/\/barcelonawss.com\/wp-content\/uploads\/2024\/01\/Maria-Ramos-RFEF.jpg\" data-fslightbox=\"gallery\" class=\"eb-img-gallery-action\"><i icon=\"fas fa-plus\" class=\"fas fa-plus \"><\/i><\/a><\/div><div class=\"eb-img-gallery-content\"><div class=\"eb-gallery-img-caption\">UEFA Playmakers<\/div><div class=\"eb-gallery-img-description\">Participaci\u00f3 d&#8217;una membre de l&#8217;staff al programa de formaci\u00f3 UEFA Playmakers, organitzat a la seu de la Federaci\u00f3 Espanyola.<\/div><\/div><\/div><\/div><\/div><div data-type=\"image\" class=\"eb-gallery-img-content  eb-filter-img-\"><div class=\"eb-gallery-link-wrapper\"><img decoding=\"async\" class=\"eb-gallery-img lazyload\" data-src=\"https:\/\/barcelonawss.com\/wp-content\/uploads\/2025\/10\/WhatsApp-Image-2025-10-14-at-19.27.37.jpeg\" image-index=\"5\" alt=\"\" src=\"data:image\/svg+xml;base64,PHN2ZyB3aWR0aD0iMSIgaGVpZ2h0PSIxIiB4bWxucz0iaHR0cDovL3d3dy53My5vcmcvMjAwMC9zdmciPjwvc3ZnPg==\" style=\"--smush-placeholder-width: 1066px; --smush-placeholder-aspect-ratio: 1066\/1600;\" \/><div class=\"eb-img-gallery-overlay\"><div class=\"eb-img-gallery-actions\"><a href=\"https:\/\/barcelonawss.com\/wp-content\/uploads\/2025\/10\/WhatsApp-Image-2025-10-14-at-19.27.37.jpeg\" data-fslightbox=\"gallery\" class=\"eb-img-gallery-action\"><i icon=\"fas fa-plus\" class=\"fas fa-plus \"><\/i><\/a><\/div><div class=\"eb-img-gallery-content\"><div class=\"eb-gallery-img-caption\">Nike Phantom GX showcase<\/div><div class=\"eb-gallery-img-description\">Participaci\u00f3 d&#8217;una membre de l&#8217;staff a l&#8217;acte de presentaci\u00f3 de les noves botes Nike Air Zoom, celebrat a Amsterdam.<\/div><\/div><\/div><\/div><\/div><div data-type=\"image\" class=\"eb-gallery-img-content  eb-filter-img-\"><div class=\"eb-gallery-link-wrapper\"><img decoding=\"async\" class=\"eb-gallery-img lazyload\" data-src=\"https:\/\/barcelonawss.com\/wp-content\/uploads\/2024\/01\/Anna-Amsterdam.png\" image-index=\"6\" alt=\"\" src=\"data:image\/svg+xml;base64,PHN2ZyB3aWR0aD0iMSIgaGVpZ2h0PSIxIiB4bWxucz0iaHR0cDovL3d3dy53My5vcmcvMjAwMC9zdmciPjwvc3ZnPg==\" style=\"--smush-placeholder-width: 758px; --smush-placeholder-aspect-ratio: 758\/677;\" \/><div class=\"eb-img-gallery-overlay\"><div class=\"eb-img-gallery-actions\"><a href=\"https:\/\/barcelonawss.com\/wp-content\/uploads\/2024\/01\/Anna-Amsterdam.png\" data-fslightbox=\"gallery\" class=\"eb-img-gallery-action\"><i icon=\"fas fa-plus\" class=\"fas fa-plus \"><\/i><\/a><\/div><div class=\"eb-img-gallery-content\"><div class=\"eb-gallery-img-caption\">MESA project<\/div><div class=\"eb-gallery-img-description\">Participaci\u00f3 d&#8217;una membre de l&#8217;staff al projecte MESA, impulsat per Nike a Amsterdam amb l&#8217;objectiu d&#8217;intercanviar idees entre diferents organitzacions que treballem per al desenvolupament esportiu dels infants.<\/div><\/div><\/div><\/div><\/div><div data-type=\"image\" class=\"eb-gallery-img-content  eb-filter-img-\"><div class=\"eb-gallery-link-wrapper\"><img decoding=\"async\" class=\"eb-gallery-img lazyload\" data-src=\"https:\/\/barcelonawss.com\/wp-content\/uploads\/2021\/10\/DSC0190.jpg\" image-index=\"7\" alt=\"\" src=\"data:image\/svg+xml;base64,PHN2ZyB3aWR0aD0iMSIgaGVpZ2h0PSIxIiB4bWxucz0iaHR0cDovL3d3dy53My5vcmcvMjAwMC9zdmciPjwvc3ZnPg==\" style=\"--smush-placeholder-width: 2399px; --smush-placeholder-aspect-ratio: 2399\/1599;\" \/><div class=\"eb-img-gallery-overlay\"><div class=\"eb-img-gallery-actions\"><a href=\"https:\/\/barcelonawss.com\/wp-content\/uploads\/2021\/10\/DSC0190.jpg\" data-fslightbox=\"gallery\" class=\"eb-img-gallery-action\"><i icon=\"fas fa-plus\" class=\"fas fa-plus \"><\/i><\/a><\/div><div class=\"eb-img-gallery-content\"><div class=\"eb-gallery-img-caption\">Voices of the Game<\/div><div class=\"eb-gallery-img-description\">Participaci\u00f3 de dos membre de l&#8217;staff a la campanya de Nike &#8216;Vocies of the Game&#8217;, dirigida a tractar diferents temes que afecten als esportistes.<\/div><\/div><\/div><\/div><\/div><\/div><\/div><\/div>\n","protected":false},"excerpt":{"rendered":"<p>FOR THE STAFF<\/p>\n","protected":false},"author":1,"featured_media":0,"parent":5699,"menu_order":0,"comment_status":"closed","ping_status":"closed","template":"","meta":{"_eb_attr":"","_kad_post_transparent":"","_kad_post_title":"","_kad_post_layout":"","_kad_post_sidebar_id":"","_kad_post_content_style":"","_kad_post_vertical_padding":"","_kad_post_feature":"","_kad_post_feature_position":"","_kad_post_header":false,"_kad_post_footer":false,"_kad_post_classname":"","footnotes":""},"class_list":["post-6433","page","type-page","status-publish","hentry"],"_links":{"self":[{"href":"https:\/\/barcelonawss.com\/index.php?rest_route=\/wp\/v2\/pages\/6433","targetHints":{"allow":["GET"]}}],"collection":[{"href":"https:\/\/barcelonawss.com\/index.php?rest_route=\/wp\/v2\/pages"}],"about":[{"href":"https:\/\/barcelonawss.com\/index.php?rest_route=\/wp\/v2\/types\/page"}],"author":[{"embeddable":true,"href":"https:\/\/barcelonawss.com\/index.php?rest_route=\/wp\/v2\/users\/1"}],"replies":[{"embeddable":true,"href":"https:\/\/barcelonawss.com\/index.php?rest_route=%2Fwp%2Fv2%2Fcomments&post=6433"}],"version-history":[{"count":8,"href":"https:\/\/barcelonawss.com\/index.php?rest_route=\/wp\/v2\/pages\/6433\/revisions"}],"predecessor-version":[{"id":7032,"href":"https:\/\/barcelonawss.com\/index.php?rest_route=\/wp\/v2\/pages\/6433\/revisions\/7032"}],"up":[{"embeddable":true,"href":"https:\/\/barcelonawss.com\/index.php?rest_route=\/wp\/v2\/pages\/5699"}],"wp:attachment":[{"href":"https:\/\/barcelonawss.com\/index.php?rest_route=%2Fwp%2Fv2%2Fmedia&parent=6433"}],"curies":[{"name":"wp","href":"https:\/\/api.w.org\/{rel}","templated":true}]}}