{"id":5406,"date":"2024-05-15T15:19:16","date_gmt":"2024-05-15T13:19:16","guid":{"rendered":"https:\/\/barcelonawss.com\/?page_id=5406"},"modified":"2025-01-20T16:19:44","modified_gmt":"2025-01-20T14:19:44","slug":"el-proyecto-womens","status":"publish","type":"page","link":"https:\/\/barcelonawss.com\/?page_id=5406&lang=es","title":{"rendered":"El proyecto Women&#8217;s"},"content":{"rendered":"<h2>Women&#8217;s Soccer School<\/h2>\n<p align=\"justify\">La Women\u2019s Soccer School Barcelona va n\u00e9ixer l&#8217;any 2017 amb el prop\u00f2sit d\u2019unir dona i esport, i oferir a les nenes i les noies un espai segur on poder jugar a futbol. Actualment confien en nosaltres m\u00e9s de 270 jugadores i les seves fam\u00edlies, que valoren l&#8217;aprenentatge i el creixement esportiu i personal que tenen a la Women&#8217;s Soccer School. El nostre objectiu \u00e9s que cada jugadora gaudeixi del futbol d&#8217;acord amb la seva motivaci\u00f3 cap a l&#8217;esport, per aix\u00f2 li facilitem les eines necess\u00e0ries a tots els \u00e0mbits. Una evoluci\u00f3 que va lligada a la interioritzaci\u00f3 dels valors impl\u00edcits en l&#8217;esport d&#8217;equip.<\/p>\n<p align=\"justify\">\u00a0<\/p>\n<p align=\"justify\">M\u00e9s enll\u00e0 de l&#8217;activitat regular, consistent en entrenaments i partits, a la Women&#8217;s Soccer School treballem perqu\u00e8 les jugadores visquin experi\u00e8ncies a partir de la pr\u00e0ctica esportiva. Per exemple jugar contra equips estrangers, participar en tornejos fora de Catalunya o con\u00e8ixer a figures de l&#8217;esport que s\u00f3n referents en el seu \u00e0mbit.<\/p>\n<h3>Nuestros valores<\/h3>\n<h5>\n\t\t\t\t\t\t\tRespeto<br \/>\n\t\t\t\t\t<\/h5>\n<p>\n\t\t\t\t\t\tTrata a las dem\u00e1s personas como si fueras t\u00fa misma. Tolera las diferencias y acepta las opiniones de los otros, aunque no siempre coincidan con las tuyas.\t\t\t\t\t<\/p>\n<h5>\n\t\t\t\t\t\t\tResponsabilidad<br \/>\n\t\t\t\t\t<\/h5>\n<p>\n\t\t\t\t\t\tMe cuido a m\u00ed misma. Conozco las reglas y las acepto, conozco mis puntos fuertes y los potencio, descubro los puntos de mejora y los mejoro. Mantengo unos h\u00e1bitos de vida saludables de acuerdo con la pr\u00e1ctica del deporte.\t\t\t\t\t<\/p>\n<h5>\n\t\t\t\t\t\t\tEsfuerzo<br \/>\n\t\t\t\t\t<\/h5>\n<p>\n\t\t\t\t\t\tS\u00e9 que siempre puedo mejorar si tengo la voluntad para hacerlo. Doy el m\u00e1ximo de m\u00ed misma en cada entrenamiento y partido, porque esto beneficia al crecimiento del equipo.\t\t\t\t\t<\/p>\n<h5>\n\t\t\t\t\t\t\tCompa\u00f1erismo<br \/>\n\t\t\t\t\t<\/h5>\n<p>\n\t\t\t\t\t\tSoy consciente que el beneficio del grupo va por delante del beneficio propio. Ayudo a las compa\u00f1eras siempre que lo necesitan.\t\t\t\t\t<\/p>\n<h5>\n\t\t\t\t\t\t\tCompromiso<br \/>\n\t\t\t\t\t<\/h5>\n<p>\n\t\t\t\t\t\tDesde el momento en que entro a formar parte del equipo, tomo la obligaci\u00f3n de asistir a todas sus actividades para que el grupo pueda funcionar correctamente.\t\t\t\t\t<\/p>\n<h5>\n\t\t\t\t\t\t\tHumilidad<br \/>\n\t\t\t\t\t<\/h5>\n<p>\n\t\t\t\t\t\tComparo mi rendimiento con el que tuve ayer y no con el de las otras. Soy ejemplo de lo que pido al resto y acepto los comentarios de mejora de entrenadores y compa\u00f1eras.\t\t\t\t\t<\/p>\n","protected":false},"excerpt":{"rendered":"<p>Women&#8217;s Soccer School La Women\u2019s Soccer School Barcelona va n\u00e9ixer l&#8217;any 2017 amb el prop\u00f2sit d\u2019unir dona i esport, i oferir a les nenes i les noies un espai segur on poder jugar a futbol. Actualment confien en nosaltres m\u00e9s de 270 jugadores i les seves fam\u00edlies, que valoren l&#8217;aprenentatge i el creixement esportiu i&#8230;<\/p>\n","protected":false},"author":1,"featured_media":0,"parent":5701,"menu_order":0,"comment_status":"closed","ping_status":"closed","template":"elementor_header_footer","meta":{"_eb_attr":"","_kad_post_transparent":"","_kad_post_title":"","_kad_post_layout":"","_kad_post_sidebar_id":"","_kad_post_content_style":"","_kad_post_vertical_padding":"","_kad_post_feature":"","_kad_post_feature_position":"","_kad_post_header":false,"_kad_post_footer":false,"_kad_post_classname":"","footnotes":""},"class_list":["post-5406","page","type-page","status-publish","hentry"],"_links":{"self":[{"href":"https:\/\/barcelonawss.com\/index.php?rest_route=\/wp\/v2\/pages\/5406","targetHints":{"allow":["GET"]}}],"collection":[{"href":"https:\/\/barcelonawss.com\/index.php?rest_route=\/wp\/v2\/pages"}],"about":[{"href":"https:\/\/barcelonawss.com\/index.php?rest_route=\/wp\/v2\/types\/page"}],"author":[{"embeddable":true,"href":"https:\/\/barcelonawss.com\/index.php?rest_route=\/wp\/v2\/users\/1"}],"replies":[{"embeddable":true,"href":"https:\/\/barcelonawss.com\/index.php?rest_route=%2Fwp%2Fv2%2Fcomments&post=5406"}],"version-history":[{"count":4,"href":"https:\/\/barcelonawss.com\/index.php?rest_route=\/wp\/v2\/pages\/5406\/revisions"}],"predecessor-version":[{"id":6302,"href":"https:\/\/barcelonawss.com\/index.php?rest_route=\/wp\/v2\/pages\/5406\/revisions\/6302"}],"up":[{"embeddable":true,"href":"https:\/\/barcelonawss.com\/index.php?rest_route=\/wp\/v2\/pages\/5701"}],"wp:attachment":[{"href":"https:\/\/barcelonawss.com\/index.php?rest_route=%2Fwp%2Fv2%2Fmedia&parent=5406"}],"curies":[{"name":"wp","href":"https:\/\/api.w.org\/{rel}","templated":true}]}}