{"id":5390,"date":"2024-05-15T15:19:16","date_gmt":"2024-05-15T13:19:16","guid":{"rendered":"https:\/\/barcelonawss.com\/?page_id=5390"},"modified":"2026-05-05T14:48:09","modified_gmt":"2026-05-05T12:48:09","slug":"contacto","status":"publish","type":"page","link":"https:\/\/barcelonawss.com\/?page_id=5390&lang=es","title":{"rendered":"Contacto"},"content":{"rendered":"\n<h1 class=\"wp-block-heading has-text-align-center has-theme-palette-9-color has-text-color has-background has-link-color wp-elements-57dabe234cc5d66efd4d32539adf091e\" style=\"background-color:#0e0640\">CONTACTO<\/h1>\n\n\n\n<p class=\"has-text-align-center has-medium-font-size\"><strong>PONTE EN CONTACTO CON LA WOMEN&#8217;S SOCCER SCHOOL<\/strong><\/p>\n\n\n\n<p class=\"has-text-align-center has-text-color has-link-color wp-elements-902345b6f062b6d2be55b705f295f8d7\" style=\"color:#000000\">Estas son las distintas v\u00edas de comunicaci\u00f3n para ponerte en contacto con nosotras.<\/p>\n\n\n\n<p class=\"has-text-align-center has-theme-palette-1-color has-text-color has-link-color has-medium-font-size wp-elements-7a38a1e188d0521fa90ec90476506915\"><strong>INFORMACI\u00d3N GENERAL<\/strong><\/p>\n\n\n\n<p class=\"has-text-align-center\"><a href=\"mailto:info@barcelonawss.com\">info@barcelonawss.com<\/a><\/p>\n\n\n\n<div class=\"wp-block-columns is-layout-flex wp-container-core-columns-is-layout-b815d019 wp-block-columns-is-layout-flex\" style=\"padding-right:var(--wp--preset--spacing--80);padding-left:var(--wp--preset--spacing--80)\">\n<div class=\"wp-block-column is-layout-flow wp-block-column-is-layout-flow\">\n<p class=\"has-text-align-center has-theme-palette-1-color has-text-color has-link-color has-medium-font-size wp-elements-c3fa4a912292d12867792046645fd4de\"><strong>WSS ACADEMY<\/strong><\/p>\n\n\n\n<p class=\"has-text-align-center\"><a href=\"mailto:academy@barcelonawss.com\">academy@barcelonawss.com<\/a><\/p>\n<\/div>\n\n\n\n<div class=\"wp-block-column is-layout-flow wp-block-column-is-layout-flow\">\n<p class=\"has-text-align-center has-theme-palette-1-color has-text-color has-link-color has-medium-font-size wp-elements-31eca06016bd3a3dffc309d69e41a1ca\"><strong>WSS COMPETICI\u00d3<\/strong>N<\/p>\n\n\n\n<p class=\"has-text-align-center\"><a href=\"mailto:futbol@barcelonawss.com\">futbol@barcelonawss.com<\/a><\/p>\n<\/div>\n\n\n\n<div class=\"wp-block-column is-layout-flow wp-block-column-is-layout-flow\">\n<p class=\"has-text-align-center has-theme-palette-1-color has-text-color has-link-color has-medium-font-size wp-elements-a7a2616d29db990945aba8c805ddbfca\"><strong>COMUNICACI\u00d3<\/strong>N<\/p>\n\n\n\n<p class=\"has-text-align-center\"><a href=\"mailto:comunicacion@barcelonawss.com\">comunicacion@barcelonawss.com<\/a><\/p>\n<\/div>\n\n\n\n<div class=\"wp-block-column is-layout-flow wp-block-column-is-layout-flow\">\n<p class=\"has-text-align-center has-theme-palette-1-color has-text-color has-link-color has-medium-font-size wp-elements-16bbbd045b2ee6806d80c0bb6c132ac0\"><strong>PARTNERS<\/strong><\/p>\n\n\n\n<p class=\"has-text-align-center\"><a href=\"mailto:partners@barcelonawss.com\">partners@barcelonawss.com<\/a><\/p>\n<\/div>\n<\/div>\n","protected":false},"excerpt":{"rendered":"<p>CONTACTO PONTE EN CONTACTO CON LA WOMEN&#8217;S SOCCER SCHOOL Estas son las distintas v\u00edas de comunicaci\u00f3n para ponerte en contacto con nosotras. INFORMACI\u00d3N GENERAL info@barcelonawss.com WSS ACADEMY academy@barcelonawss.com WSS COMPETICI\u00d3N futbol@barcelonawss.com COMUNICACI\u00d3N comunicacion@barcelonawss.com PARTNERS partners@barcelonawss.com<\/p>\n","protected":false},"author":1,"featured_media":0,"parent":0,"menu_order":0,"comment_status":"closed","ping_status":"closed","template":"","meta":{"_eb_attr":"","_kad_post_transparent":"","_kad_post_title":"","_kad_post_layout":"","_kad_post_sidebar_id":"","_kad_post_content_style":"","_kad_post_vertical_padding":"","_kad_post_feature":"","_kad_post_feature_position":"","_kad_post_header":false,"_kad_post_footer":false,"_kad_post_classname":"","footnotes":""},"class_list":["post-5390","page","type-page","status-publish","hentry"],"_links":{"self":[{"href":"https:\/\/barcelonawss.com\/index.php?rest_route=\/wp\/v2\/pages\/5390","targetHints":{"allow":["GET"]}}],"collection":[{"href":"https:\/\/barcelonawss.com\/index.php?rest_route=\/wp\/v2\/pages"}],"about":[{"href":"https:\/\/barcelonawss.com\/index.php?rest_route=\/wp\/v2\/types\/page"}],"author":[{"embeddable":true,"href":"https:\/\/barcelonawss.com\/index.php?rest_route=\/wp\/v2\/users\/1"}],"replies":[{"embeddable":true,"href":"https:\/\/barcelonawss.com\/index.php?rest_route=%2Fwp%2Fv2%2Fcomments&post=5390"}],"version-history":[{"count":9,"href":"https:\/\/barcelonawss.com\/index.php?rest_route=\/wp\/v2\/pages\/5390\/revisions"}],"predecessor-version":[{"id":7005,"href":"https:\/\/barcelonawss.com\/index.php?rest_route=\/wp\/v2\/pages\/5390\/revisions\/7005"}],"wp:attachment":[{"href":"https:\/\/barcelonawss.com\/index.php?rest_route=%2Fwp%2Fv2%2Fmedia&parent=5390"}],"curies":[{"name":"wp","href":"https:\/\/api.w.org\/{rel}","templated":true}]}}