{"id":5378,"date":"2024-05-15T15:19:16","date_gmt":"2024-05-15T13:19:16","guid":{"rendered":"https:\/\/barcelonawss.com\/?page_id=5378"},"modified":"2025-10-20T12:21:01","modified_gmt":"2025-10-20T10:21:01","slug":"contacte","status":"publish","type":"page","link":"https:\/\/barcelonawss.com\/?page_id=5378&lang=ca","title":{"rendered":"Contacte"},"content":{"rendered":"\n<h1 class=\"wp-block-heading has-text-align-center has-theme-palette-9-color has-text-color has-background has-link-color wp-elements-794c1a80690fa062e0470de6771a733d\" style=\"background-color:#0e0640\">CONTACTE<\/h1>\n\n\n\n<p class=\"has-text-align-center has-medium-font-size\"><strong>POSA&#8217;T EN CONTACTE AMB LA WOMEN&#8217;S SOCCER SCHOOL<\/strong><\/p>\n\n\n\n<p class=\"has-text-align-center has-text-color has-link-color wp-elements-fe56691476617fcdd0398944de229599\" style=\"color:#000000\">Aquestes s\u00f3n les diferents vies de comunicaci\u00f3 per posar-te en contacte amb nosaltres.<\/p>\n\n\n\n<p class=\"has-text-align-center has-theme-palette-1-color has-text-color has-link-color has-medium-font-size wp-elements-b480d5c4ae7f3a03e99e1f281280d5ba\"><strong>INFORMACI\u00d3 GENERAL<\/strong><\/p>\n\n\n\n<p class=\"has-text-align-center\"><a href=\"mailto:info@barcelonawss.com\">info@barcelonawss.com<\/a><\/p>\n\n\n\n<div class=\"wp-block-columns is-layout-flex wp-container-core-columns-is-layout-b815d019 wp-block-columns-is-layout-flex\" style=\"padding-right:var(--wp--preset--spacing--80);padding-left:var(--wp--preset--spacing--80)\">\n<div class=\"wp-block-column is-layout-flow wp-block-column-is-layout-flow\">\n<p class=\"has-text-align-center has-theme-palette-1-color has-text-color has-link-color has-medium-font-size wp-elements-c3fa4a912292d12867792046645fd4de\"><strong>WSS ACADEMY<\/strong><\/p>\n\n\n\n<p class=\"has-text-align-center\"><a href=\"mailto:academy@barcelonawss.com\">academy@barcelonawss.com<\/a><\/p>\n<\/div>\n\n\n\n<div class=\"wp-block-column is-layout-flow wp-block-column-is-layout-flow\">\n<p class=\"has-text-align-center has-theme-palette-1-color has-text-color has-link-color has-medium-font-size wp-elements-5a70380582c1791e82f4ab1e28f4403e\"><strong>WSS COMPETICI\u00d3<\/strong><\/p>\n\n\n\n<p class=\"has-text-align-center\"><a href=\"mailto:futbol@barcelonawss.com\">futbol@barcelonawss.com<\/a><\/p>\n<\/div>\n\n\n\n<div class=\"wp-block-column is-layout-flow wp-block-column-is-layout-flow\">\n<p class=\"has-text-align-center has-theme-palette-1-color has-text-color has-link-color has-medium-font-size wp-elements-7868bb7522366555ee6a7a59922e363e\"><strong>COMUNICACI\u00d3<\/strong><\/p>\n\n\n\n<p class=\"has-text-align-center\"><a href=\"mailto:comunicacion@barcelonawss.com\">comunicacion@barcelonawss.com<\/a><\/p>\n<\/div>\n\n\n\n<div class=\"wp-block-column is-layout-flow wp-block-column-is-layout-flow\">\n<p class=\"has-text-align-center has-theme-palette-1-color has-text-color has-link-color has-medium-font-size wp-elements-16bbbd045b2ee6806d80c0bb6c132ac0\"><strong>PARTNERS<\/strong><\/p>\n\n\n\n<p class=\"has-text-align-center\"><a href=\"mailto:partners@barcelonawss.com\">partners@barcelonawss.com<\/a><\/p>\n<\/div>\n<\/div>\n\n\n\n<p><\/p>\n","protected":false},"excerpt":{"rendered":"<p>CONTACTE POSA&#8217;T EN CONTACTE AMB LA WOMEN&#8217;S SOCCER SCHOOL Aquestes s\u00f3n les diferents vies de comunicaci\u00f3 per posar-te en contacte amb nosaltres. INFORMACI\u00d3 GENERAL info@barcelonawss.com WSS ACADEMY academy@barcelonawss.com WSS COMPETICI\u00d3 futbol@barcelonawss.com COMUNICACI\u00d3 comunicacion@barcelonawss.com PARTNERS partners@barcelonawss.com<\/p>\n","protected":false},"author":1,"featured_media":0,"parent":0,"menu_order":0,"comment_status":"closed","ping_status":"closed","template":"","meta":{"_eb_attr":"","_kad_post_transparent":"","_kad_post_title":"","_kad_post_layout":"","_kad_post_sidebar_id":"","_kad_post_content_style":"","_kad_post_vertical_padding":"","_kad_post_feature":"","_kad_post_feature_position":"","_kad_post_header":false,"_kad_post_footer":false,"_kad_post_classname":"","footnotes":""},"class_list":["post-5378","page","type-page","status-publish","hentry"],"_links":{"self":[{"href":"https:\/\/barcelonawss.com\/index.php?rest_route=\/wp\/v2\/pages\/5378","targetHints":{"allow":["GET"]}}],"collection":[{"href":"https:\/\/barcelonawss.com\/index.php?rest_route=\/wp\/v2\/pages"}],"about":[{"href":"https:\/\/barcelonawss.com\/index.php?rest_route=\/wp\/v2\/types\/page"}],"author":[{"embeddable":true,"href":"https:\/\/barcelonawss.com\/index.php?rest_route=\/wp\/v2\/users\/1"}],"replies":[{"embeddable":true,"href":"https:\/\/barcelonawss.com\/index.php?rest_route=%2Fwp%2Fv2%2Fcomments&post=5378"}],"version-history":[{"count":39,"href":"https:\/\/barcelonawss.com\/index.php?rest_route=\/wp\/v2\/pages\/5378\/revisions"}],"predecessor-version":[{"id":6956,"href":"https:\/\/barcelonawss.com\/index.php?rest_route=\/wp\/v2\/pages\/5378\/revisions\/6956"}],"wp:attachment":[{"href":"https:\/\/barcelonawss.com\/index.php?rest_route=%2Fwp%2Fv2%2Fmedia&parent=5378"}],"curies":[{"name":"wp","href":"https:\/\/api.w.org\/{rel}","templated":true}]}}