{"id":5357,"date":"2024-05-15T15:19:29","date_gmt":"2024-05-15T13:19:29","guid":{"rendered":"https:\/\/barcelonawss.com\/?page_id=5357"},"modified":"2025-10-23T11:26:35","modified_gmt":"2025-10-23T09:26:35","slug":"altres-experiencies","status":"publish","type":"page","link":"https:\/\/barcelonawss.com\/?page_id=5357&lang=ca","title":{"rendered":"Altres experi\u00e8ncies"},"content":{"rendered":"\n<div class=\"wp-block-group has-theme-palette-3-background-color has-background\"><div class=\"wp-block-group__inner-container is-layout-constrained wp-block-group-is-layout-constrained\">\n<h2 class=\"wp-block-heading has-text-align-center has-theme-palette-9-color has-text-color has-link-color wp-elements-432df4cd46037342bb567dcc8b3e6d50\">ALTRES ACTIVITATS<\/h2>\n<\/div><\/div>\n\n\n\n<div class=\"wp-block-essential-blocks-image-gallery  root-eb-image-gallery-ww8gl\"><div class=\"eb-parent-wrapper eb-parent-eb-image-gallery-ww8gl \"><div class=\"eb-gallery-img-wrapper eb-image-gallery-ww8gl preset-2 v2 grid null enable-isotope    \" data-id=\"eb-image-gallery-ww8gl\" data-default-filter=\"*\" data-searchfilter=\"false\"><div data-type=\"image\" class=\"eb-gallery-img-content  eb-filter-img-\"><div class=\"eb-gallery-link-wrapper\"><img decoding=\"async\" class=\"eb-gallery-img lazyload\" data-src=\"https:\/\/barcelonawss.com\/wp-content\/uploads\/2024\/11\/Port-Aventura.jpg\" image-index=\"1\" alt=\"\" src=\"data:image\/svg+xml;base64,PHN2ZyB3aWR0aD0iMSIgaGVpZ2h0PSIxIiB4bWxucz0iaHR0cDovL3d3dy53My5vcmcvMjAwMC9zdmciPjwvc3ZnPg==\" style=\"--smush-placeholder-width: 1170px; --smush-placeholder-aspect-ratio: 1170\/1081;\" \/><div class=\"eb-img-gallery-overlay\"><div class=\"eb-img-gallery-actions\"><a href=\"https:\/\/barcelonawss.com\/wp-content\/uploads\/2024\/11\/Port-Aventura.jpg\" data-fslightbox=\"gallery\" class=\"eb-img-gallery-action\"><i icon=\"fas fa-plus\" class=\"fas fa-plus \"><\/i><\/a><\/div><div class=\"eb-img-gallery-content\"><div class=\"eb-gallery-img-caption\">WSS Party a PortAventura<\/div><div class=\"eb-gallery-img-description\">El mar\u00e7 de 2024 les fam\u00edlies de la Women&#8217;s vam gaudir d&#8217;una dia festiu a PortAventura.<\/div><\/div><\/div><\/div><\/div><div data-type=\"image\" class=\"eb-gallery-img-content  eb-filter-img-\"><div class=\"eb-gallery-link-wrapper\"><img decoding=\"async\" class=\"eb-gallery-img lazyload\" data-src=\"https:\/\/barcelonawss.com\/wp-content\/uploads\/2024\/01\/WSS-Party-Play.png\" image-index=\"2\" alt=\"\" src=\"data:image\/svg+xml;base64,PHN2ZyB3aWR0aD0iMSIgaGVpZ2h0PSIxIiB4bWxucz0iaHR0cDovL3d3dy53My5vcmcvMjAwMC9zdmciPjwvc3ZnPg==\" style=\"--smush-placeholder-width: 716px; --smush-placeholder-aspect-ratio: 716\/652;\" \/><div class=\"eb-img-gallery-overlay\"><div class=\"eb-img-gallery-actions\"><a href=\"https:\/\/barcelonawss.com\/wp-content\/uploads\/2024\/01\/WSS-Party-Play.png\" data-fslightbox=\"gallery\" class=\"eb-img-gallery-action\"><i icon=\"fas fa-plus\" class=\"fas fa-plus \"><\/i><\/a><\/div><div class=\"eb-img-gallery-content\"><div class=\"eb-gallery-img-caption\">WSS Party a Play Now BCN<\/div><div class=\"eb-gallery-img-description\">Festa de final de temporada en col\u00b7laboraci\u00f3 amb Nike a l&#8217;espai l\u00fadico-esportiu Play Now BCN.<\/div><\/div><\/div><\/div><\/div><div data-type=\"image\" class=\"eb-gallery-img-content  eb-filter-img-\"><div class=\"eb-gallery-link-wrapper\"><img decoding=\"async\" class=\"eb-gallery-img lazyload\" data-src=\"https:\/\/barcelonawss.com\/wp-content\/uploads\/2024\/01\/Port-Aventura.png\" image-index=\"3\" alt=\"\" src=\"data:image\/svg+xml;base64,PHN2ZyB3aWR0aD0iMSIgaGVpZ2h0PSIxIiB4bWxucz0iaHR0cDovL3d3dy53My5vcmcvMjAwMC9zdmciPjwvc3ZnPg==\" style=\"--smush-placeholder-width: 800px; --smush-placeholder-aspect-ratio: 800\/607;\" \/><div class=\"eb-img-gallery-overlay\"><div class=\"eb-img-gallery-actions\"><a href=\"https:\/\/barcelonawss.com\/wp-content\/uploads\/2024\/01\/Port-Aventura.png\" data-fslightbox=\"gallery\" class=\"eb-img-gallery-action\"><i icon=\"fas fa-plus\" class=\"fas fa-plus \"><\/i><\/a><\/div><div class=\"eb-img-gallery-content\"><div class=\"eb-gallery-img-caption\">WSS Party a PortAventura<\/div><div class=\"eb-gallery-img-description\">El mar\u00e7 de 2023 les fam\u00edlies de la Women&#8217;s vam gaudir d&#8217;una dia festiu a PortAventura.<\/div><\/div><\/div><\/div><\/div><div data-type=\"image\" class=\"eb-gallery-img-content  eb-filter-img-\"><div class=\"eb-gallery-link-wrapper\"><img decoding=\"async\" class=\"eb-gallery-img lazyload\" data-src=\"https:\/\/barcelonawss.com\/wp-content\/uploads\/2021\/09\/E_1Qz6cVcAc1l4Q.jpeg\" image-index=\"4\" alt=\"\" src=\"data:image\/svg+xml;base64,PHN2ZyB3aWR0aD0iMSIgaGVpZ2h0PSIxIiB4bWxucz0iaHR0cDovL3d3dy53My5vcmcvMjAwMC9zdmciPjwvc3ZnPg==\" style=\"--smush-placeholder-width: 2048px; --smush-placeholder-aspect-ratio: 2048\/1536;\" \/><div class=\"eb-img-gallery-overlay\"><div class=\"eb-img-gallery-actions\"><a href=\"https:\/\/barcelonawss.com\/wp-content\/uploads\/2021\/09\/E_1Qz6cVcAc1l4Q.jpeg\" data-fslightbox=\"gallery\" class=\"eb-img-gallery-action\"><i icon=\"fas fa-plus\" class=\"fas fa-plus \"><\/i><\/a><\/div><div class=\"eb-img-gallery-content\"><div class=\"eb-gallery-img-caption\">Estrena de Play Now BCN<\/div><div class=\"eb-gallery-img-description\">Participaci\u00f3 dels equips del programa WSS Academy a l&#8217;estrena de l&#8217;espai l\u00fadico-esportiu de Nike Play Now BCN.<\/div><\/div><\/div><\/div><\/div><div data-type=\"image\" class=\"eb-gallery-img-content  eb-filter-img-\"><div class=\"eb-gallery-link-wrapper\"><img decoding=\"async\" class=\"eb-gallery-img lazyload\" data-src=\"https:\/\/barcelonawss.com\/wp-content\/uploads\/2024\/01\/WSS-Party.png\" image-index=\"5\" alt=\"\" src=\"data:image\/svg+xml;base64,PHN2ZyB3aWR0aD0iMSIgaGVpZ2h0PSIxIiB4bWxucz0iaHR0cDovL3d3dy53My5vcmcvMjAwMC9zdmciPjwvc3ZnPg==\" style=\"--smush-placeholder-width: 707px; --smush-placeholder-aspect-ratio: 707\/423;\" \/><div class=\"eb-img-gallery-overlay\"><div class=\"eb-img-gallery-actions\"><a href=\"https:\/\/barcelonawss.com\/wp-content\/uploads\/2024\/01\/WSS-Party.png\" data-fslightbox=\"gallery\" class=\"eb-img-gallery-action\"><i icon=\"fas fa-plus\" class=\"fas fa-plus \"><\/i><\/a><\/div><div class=\"eb-img-gallery-content\"><div class=\"eb-gallery-img-caption\">WSS Party a l&#8217;Espai Laru<\/div><div class=\"eb-gallery-img-description\">Festa de final de temporada a l&#8217;Espai Laru de Matar\u00f3.<\/div><\/div><\/div><\/div><\/div><div data-type=\"image\" class=\"eb-gallery-img-content  eb-filter-img-\"><div class=\"eb-gallery-link-wrapper\"><img decoding=\"async\" class=\"eb-gallery-img lazyload\" data-src=\"https:\/\/barcelonawss.com\/wp-content\/uploads\/2022\/02\/IMG_9848.jpg\" image-index=\"6\" alt=\"\" src=\"data:image\/svg+xml;base64,PHN2ZyB3aWR0aD0iMSIgaGVpZ2h0PSIxIiB4bWxucz0iaHR0cDovL3d3dy53My5vcmcvMjAwMC9zdmciPjwvc3ZnPg==\" style=\"--smush-placeholder-width: 715px; --smush-placeholder-aspect-ratio: 715\/477;\" \/><div class=\"eb-img-gallery-overlay\"><div class=\"eb-img-gallery-actions\"><a href=\"https:\/\/barcelonawss.com\/wp-content\/uploads\/2022\/02\/IMG_9848.jpg\" data-fslightbox=\"gallery\" class=\"eb-img-gallery-action\"><i icon=\"fas fa-plus\" class=\"fas fa-plus \"><\/i><\/a><\/div><div class=\"eb-img-gallery-content\"><div class=\"eb-gallery-img-caption\">Visita del &#8216;Tot Costa&#8217;<\/div><div class=\"eb-gallery-img-description\">Per celebrar el Dia Mundial de la R\u00e0dio, el programa esportiu &#8216;Tot Costa&#8217;, de Catalunya R\u00e0dio, ens va visitar per fer un especial sobre el projecte i el futbol femen\u00ed.<\/div><\/div><\/div><\/div><\/div><\/div><\/div><\/div>\n","protected":false},"excerpt":{"rendered":"<p>ALTRES ACTIVITATS<\/p>\n","protected":false},"author":1,"featured_media":0,"parent":5691,"menu_order":0,"comment_status":"closed","ping_status":"closed","template":"","meta":{"_eb_attr":"","_kad_post_transparent":"","_kad_post_title":"","_kad_post_layout":"","_kad_post_sidebar_id":"","_kad_post_content_style":"","_kad_post_vertical_padding":"","_kad_post_feature":"","_kad_post_feature_position":"","_kad_post_header":false,"_kad_post_footer":false,"_kad_post_classname":"","footnotes":""},"class_list":["post-5357","page","type-page","status-publish","hentry"],"_links":{"self":[{"href":"https:\/\/barcelonawss.com\/index.php?rest_route=\/wp\/v2\/pages\/5357","targetHints":{"allow":["GET"]}}],"collection":[{"href":"https:\/\/barcelonawss.com\/index.php?rest_route=\/wp\/v2\/pages"}],"about":[{"href":"https:\/\/barcelonawss.com\/index.php?rest_route=\/wp\/v2\/types\/page"}],"author":[{"embeddable":true,"href":"https:\/\/barcelonawss.com\/index.php?rest_route=\/wp\/v2\/users\/1"}],"replies":[{"embeddable":true,"href":"https:\/\/barcelonawss.com\/index.php?rest_route=%2Fwp%2Fv2%2Fcomments&post=5357"}],"version-history":[{"count":24,"href":"https:\/\/barcelonawss.com\/index.php?rest_route=\/wp\/v2\/pages\/5357\/revisions"}],"predecessor-version":[{"id":6960,"href":"https:\/\/barcelonawss.com\/index.php?rest_route=\/wp\/v2\/pages\/5357\/revisions\/6960"}],"up":[{"embeddable":true,"href":"https:\/\/barcelonawss.com\/index.php?rest_route=\/wp\/v2\/pages\/5691"}],"wp:attachment":[{"href":"https:\/\/barcelonawss.com\/index.php?rest_route=%2Fwp%2Fv2%2Fmedia&parent=5357"}],"curies":[{"name":"wp","href":"https:\/\/api.w.org\/{rel}","templated":true}]}}