{"id":4305,"date":"2023-07-10T17:27:12","date_gmt":"2023-07-10T15:27:12","guid":{"rendered":"https:\/\/barcelonawss.com\/?page_id=4305"},"modified":"2025-01-27T13:00:17","modified_gmt":"2025-01-27T11:00:17","slug":"womens-soccer-school-barcelona-2","status":"publish","type":"page","link":"https:\/\/barcelonawss.com\/?lang=es","title":{"rendered":"Women&#8217;s Soccer School Barcelona"},"content":{"rendered":"<h2>WSS ACADEMY<\/h2>\n<p>Puertas abiertas toda la temporada<\/p>\n<p>Entrenos martes y jueves<\/p>\n<p>Partidos regularmente o ocasionalmente seg\u00fan la voluntad de la jugadora<\/p>\n<p>M\u00e1s informaci\u00f3n en academy@barcelonawss.com<\/p>\n<p><a href=\"https:\/\/barcelonawss.com\/?page_id=5454&#038;lang=es\">+ Info<\/a>\t<\/p>\n<h2>WSS F\u00daTBOL<\/h2>\n<p>Benjam\u00edn: 2 d\u00edas de entreno<\/p>\n<p>Alev\u00edn a Juvenil: 3 d\u00edas de entreno<\/p>\n<p>Horarios seg\u00fan equipo<\/p>\n<p>Partidos de septiembre a junio<\/p>\n<p>M\u00e1s informaci\u00f3n en futbol@barcelonawss.com<\/p>\n<p><a href=\"https:\/\/barcelonawss.com\/?page_id=5462&#038;lang=es\">+ Info<\/a>\t<\/p>\n<h2>VIVE LA EXPERIENCIA WOMEN&#8217;S<\/h2>\n<p>\t\t\t                <input type=\"radio\" name=\"ekit_ia_38191d5\" id=\"ekit_ia_38191d5_0\" hidden><br \/>\n                <label for=\"ekit_ia_38191d5_0\" style=\"background-image:inherit\" data-link=\"{&quot;url&quot;:&quot;https:\/\/barcelonawss.com\/?page_id=5434&#038;lang=es&quot;,&quot;is_external&quot;:&quot;&quot;,&quot;nofollow&quot;:&quot;&quot;,&quot;custom_attributes&quot;:&quot;&quot;}\" data-behavior=\"hover\" data-active=\"\" data-bg-image=\"url(https:\/\/barcelonawss.com\/wp-content\/uploads\/2024\/01\/Paris-World-Games.png)\" class=\"lazyload\"><br \/>\n\t\t\t\t\t\t\t\tTORNEOS Y STAGES<br \/>\n                <\/label><br \/>\n                            <input type=\"radio\" name=\"ekit_ia_38191d5\" id=\"ekit_ia_38191d5_1\" hidden><br \/>\n                <label for=\"ekit_ia_38191d5_1\" style=\"background-image:inherit\" data-link=\"{&quot;url&quot;:&quot;https:\/\/barcelonawss.com\/?page_id=5371&#038;lang=es&quot;,&quot;is_external&quot;:&quot;&quot;,&quot;nofollow&quot;:&quot;&quot;,&quot;custom_attributes&quot;:&quot;&quot;}\" data-behavior=\"hover\" data-active=\"no\" data-bg-image=\"url(https:\/\/barcelonawss.com\/wp-content\/uploads\/2024\/11\/IMG_4013.jpeg)\" class=\"lazyload\"><br \/>\n\t\t\t\t\t\t\t\tNUESTRAS \u00cdDOLOS<br \/>\n                <\/label><br \/>\n                            <input type=\"radio\" name=\"ekit_ia_38191d5\" id=\"ekit_ia_38191d5_2\" hidden><br \/>\n                <label for=\"ekit_ia_38191d5_2\" style=\"background-image:inherit\" data-link=\"{&quot;url&quot;:&quot;https:\/\/barcelonawss.com\/?page_id=5350&#038;lang=es&quot;,&quot;is_external&quot;:&quot;&quot;,&quot;nofollow&quot;:&quot;&quot;,&quot;custom_attributes&quot;:&quot;&quot;}\" data-behavior=\"hover\" data-active=\"no\" data-bg-image=\"url(https:\/\/barcelonawss.com\/wp-content\/uploads\/2024\/01\/Mariam-Nike.png)\" class=\"lazyload\"><br \/>\n\t\t\t\t\t\t\t\tEXPERIENCIAS CON NIKE<br \/>\n                <\/label><br \/>\n                            <input type=\"radio\" name=\"ekit_ia_38191d5\" id=\"ekit_ia_38191d5_3\" hidden><br \/>\n                <label for=\"ekit_ia_38191d5_3\" style=\"background-image:inherit\" data-link=\"{&quot;url&quot;:&quot;https:\/\/barcelonawss.com\/?page_id=5421&#038;lang=es&quot;,&quot;is_external&quot;:&quot;&quot;,&quot;nofollow&quot;:&quot;&quot;,&quot;custom_attributes&quot;:&quot;&quot;}\" data-behavior=\"hover\" data-active=\"no\" data-bg-image=\"url(https:\/\/barcelonawss.com\/wp-content\/uploads\/2024\/05\/WhatsApp-Image-2024-05-10-at-22.04.24.jpeg)\" class=\"lazyload\"><br \/>\n\t\t\t\t\t\t\t\tPARA EL STAFF<br \/>\n                <\/label><br \/>\n                            <input type=\"radio\" name=\"ekit_ia_38191d5\" id=\"ekit_ia_38191d5_4\" hidden><br \/>\n                <label for=\"ekit_ia_38191d5_4\" style=\"background-image:inherit\" data-link=\"{&quot;url&quot;:&quot;https:\/\/barcelonawss.com\/?page_id=5361&#038;lang=es&quot;,&quot;is_external&quot;:&quot;&quot;,&quot;nofollow&quot;:&quot;&quot;,&quot;custom_attributes&quot;:&quot;&quot;}\" data-behavior=\"hover\" data-active=\"no\" data-bg-image=\"url(https:\/\/barcelonawss.com\/wp-content\/uploads\/2024\/11\/Port-Aventura.jpg)\" class=\"lazyload\"><br \/>\n\t\t\t\t\t\t\t\tOTRAS EXPERIENCIAS<br \/>\n                <\/label><br \/>\n\t\thttps:\/\/www.youtube.com\/watch?v=pIkuGzXX8GAhttps:\/\/www.youtube.com\/watch?v=Ex4wXDwpzMQhttps:\/\/www.youtube.com\/watch?v=xDc6f4gCHqghttps:\/\/www.youtube.com\/watch?v=iAMjtoVij3E\t\t<\/p>\n<h2>STAFF WOMEN&#8217;S SOCCER SCHOOL<\/h2>\n<p>Todas estas figuras al servicio de la jugadora<\/p>\n<h5>Entrenadores\/as<\/h5>\n<p>En la Women&#8217;s Soccer School seleccionamos a personas que, junto a sus capacidades futbol\u00edsticas, quieran contribuir a que las chicas que juegan a f\u00fatbol lo hagan en las mejores condiciones.<\/p>\n<h5>Entrenadores\/as de porteras<\/h5>\n<p>Las porteras de la Women&#8217;s Soccer School tienen su espacio semanal de entrenamiento espec\u00edfico para mejorar la t\u00e9cnica y la toma de decisiones bajo palos.<\/p>\n<h5>Videoanalistas<\/h5>\n<p>Utilizamos el videoan\u00e1lisis para que las jugadoras tengan otra perspectiva de sus acciones y lo aprovechen para crecer.<\/p>\n<h5>Preparadores\/as f\u00edsicas<\/h5>\n<p>De la mano de los entrenadores y las entrenadoras, contribuyen a la evoluci\u00f3n de la jugadora con el trabajo de coordinaci\u00f3n y las capacidades condicionales.<\/p>\n<h5>Psic\u00f3logos\/as<\/h5>\n<p>Gestionar el estado emocional es imprescindible para el crecimiento de la jugadora, por eso creemos que el entrenamiento con psic\u00f3logos\/as es fundamental.<\/p>\n<h5>Fisioterapeutas<\/h5>\n<p>Todas las jugadoras tienen a su disposici\u00f3n el servicio de fisioterapia para la recuperaci\u00f3n y readaptaci\u00f3n de lesiones.<\/p>\n<p>\t\t\t\t\t<a href=\"https:\/\/www.instagram.com\/wssbarcelona\/\" target=\"_blank\" rel=\"noopener\"><br \/>\n\t\t\t\t\t\tInstagram<br \/>\n\t\t\t\t\t\t\t\t\t\t\t<\/a><br \/>\n\t\t\t\t\t<a href=\"https:\/\/www.tiktok.com\/@wssbarcelona\" target=\"_blank\" rel=\"noopener\"><br \/>\n\t\t\t\t\t\tTiktok<br \/>\n\t\t\t\t\t\t\t\t\t\t\t<\/a><br \/>\n\t\t\t\t\t<a href=\"https:\/\/www.youtube.com\/channel\/UCXrqd8b9Z8T_lhGrXzxW9sQ\" target=\"_blank\" rel=\"noopener\"><br \/>\n\t\t\t\t\t\tYoutube<br \/>\n\t\t\t\t\t\t\t\t\t\t\t<\/a><br \/>\n\t\t\t\t\t<a href=\"https:\/\/twitter.com\/WSSBarcelona\" target=\"_blank\" rel=\"noopener\"><br \/>\n\t\t\t\t\t\tTwitter<br \/>\n\t\t\t\t\t\t\t\t\t\t\t<\/a><br \/>\n\t\t\t\t\t<a href=\"https:\/\/www.linkedin.com\/company\/wssbarcelona\/\" target=\"_blank\" rel=\"noopener\"><br \/>\n\t\t\t\t\t\tLinkedin<br \/>\n\t\t\t\t\t\t\t\t\t\t\t<\/a><\/p>\n<h2>CAMP DE FUTBOL VALL D&#8217;HEBRON<\/h2>\n<p>Carrer de la Granja Vella, 12-16<\/p>\n<p>08035 Barcelona<\/p>\n<p>info@barcelonawss.com<\/p>\n<p>+34 613 056 284<\/p>\n","protected":false},"excerpt":{"rendered":"<p>WSS ACADEMY Puertas abiertas toda la temporada Entrenos martes y jueves Partidos regularmente o ocasionalmente seg\u00fan la voluntad de la jugadora M\u00e1s informaci\u00f3n en academy@barcelonawss.com + Info WSS F\u00daTBOL Benjam\u00edn: 2 d\u00edas de entreno Alev\u00edn a Juvenil: 3 d\u00edas de entreno Horarios seg\u00fan equipo Partidos de septiembre a junio M\u00e1s informaci\u00f3n en futbol@barcelonawss.com + Info&#8230;<\/p>\n","protected":false},"author":1,"featured_media":3989,"parent":0,"menu_order":0,"comment_status":"closed","ping_status":"closed","template":"","meta":{"_eb_attr":"","_kad_post_transparent":"","_kad_post_title":"","_kad_post_layout":"","_kad_post_sidebar_id":"","_kad_post_content_style":"","_kad_post_vertical_padding":"","_kad_post_feature":"","_kad_post_feature_position":"","_kad_post_header":false,"_kad_post_footer":false,"_kad_post_classname":"","footnotes":""},"class_list":["post-4305","page","type-page","status-publish","has-post-thumbnail","hentry"],"_links":{"self":[{"href":"https:\/\/barcelonawss.com\/index.php?rest_route=\/wp\/v2\/pages\/4305","targetHints":{"allow":["GET"]}}],"collection":[{"href":"https:\/\/barcelonawss.com\/index.php?rest_route=\/wp\/v2\/pages"}],"about":[{"href":"https:\/\/barcelonawss.com\/index.php?rest_route=\/wp\/v2\/types\/page"}],"author":[{"embeddable":true,"href":"https:\/\/barcelonawss.com\/index.php?rest_route=\/wp\/v2\/users\/1"}],"replies":[{"embeddable":true,"href":"https:\/\/barcelonawss.com\/index.php?rest_route=%2Fwp%2Fv2%2Fcomments&post=4305"}],"version-history":[{"count":103,"href":"https:\/\/barcelonawss.com\/index.php?rest_route=\/wp\/v2\/pages\/4305\/revisions"}],"predecessor-version":[{"id":6534,"href":"https:\/\/barcelonawss.com\/index.php?rest_route=\/wp\/v2\/pages\/4305\/revisions\/6534"}],"wp:featuredmedia":[{"embeddable":true,"href":"https:\/\/barcelonawss.com\/index.php?rest_route=\/wp\/v2\/media\/3989"}],"wp:attachment":[{"href":"https:\/\/barcelonawss.com\/index.php?rest_route=%2Fwp%2Fv2%2Fmedia&parent=4305"}],"curies":[{"name":"wp","href":"https:\/\/api.w.org\/{rel}","templated":true}]}}